{"id":149,"date":"2014-06-19T09:39:23","date_gmt":"2014-06-19T09:39:23","guid":{"rendered":"http:\/\/demo.mekshq.com\/throne\/?page_id=149"},"modified":"2025-05-15T14:56:27","modified_gmt":"2025-05-15T14:56:27","slug":"kontakt","status":"publish","type":"page","link":"https:\/\/fotojoker.pl\/blog\/kontakt\/","title":{"rendered":"Blog fotograficzny CEWE FOTOJOKER &#8211; dlaczego warto tu zagl\u0105da\u0107?"},"content":{"rendered":"<div class=\"pntrst_main_before_after\"><\/div><p>Dlaczego warto odwiedza\u0107 naszego bloga? Pow\u00f3d jest prosty: nasz blog fotograficzny to przede wszystkim <strong>kopalnia wiedzy, zar\u00f3wno dla profesjonalnych fotograf\u00f3w, jak i wszystkich pozosta\u0142ych mi\u0142o\u015bnik\u00f3w robienia zdj\u0119\u0107, a tak\u017ce youtuber\u00f3w, influencer\u00f3w oraz innych tw\u00f3rc\u00f3w internetowych<\/strong>. Znajdziesz tutaj specjalistyczn\u0105 wiedz\u0119, porady, ciekawostki fotograficzne i pomys\u0142y na niezwyk\u0142e prezenty. Dowiesz si\u0119 ponadto, jak wykorzysta\u0107 potencja\u0142 <a href=\"https:\/\/www.cewe.pl\/\">fotoprodukt\u00f3w CEWE<\/a>, mi\u0119dzy innymi w aran\u017cacji w\u0142asnych wn\u0119trz czy przygotowywaniu niepowtarzalnych podarunk\u00f3w dla bliskich<\/p>\n<div id=\"ez-toc-container\" class=\"ez-toc-v2_0_80 counter-hierarchy ez-toc-counter ez-toc-grey ez-toc-container-direction\">\n<div class=\"ez-toc-title-container\">\n<p class=\"ez-toc-title\" style=\"cursor:inherit\">Spis tre\u015bci<\/p>\n<span class=\"ez-toc-title-toggle\"><a href=\"#\" class=\"ez-toc-pull-right ez-toc-btn ez-toc-btn-xs ez-toc-btn-default ez-toc-toggle\" aria-label=\"Prze\u0142\u0105cznik Spisu Tre\u015bci\"><span class=\"ez-toc-js-icon-con\"><span class=\"\"><span class=\"eztoc-hide\" style=\"display:none;\">Toggle<\/span><span class=\"ez-toc-icon-toggle-span\"><svg style=\"fill: #999;color:#999\" xmlns=\"http:\/\/www.w3.org\/2000\/svg\" class=\"list-377408\" width=\"20px\" height=\"20px\" viewBox=\"0 0 24 24\" fill=\"none\"><path d=\"M6 6H4v2h2V6zm14 0H8v2h12V6zM4 11h2v2H4v-2zm16 0H8v2h12v-2zM4 16h2v2H4v-2zm16 0H8v2h12v-2z\" fill=\"currentColor\"><\/path><\/svg><svg style=\"fill: #999;color:#999\" class=\"arrow-unsorted-368013\" xmlns=\"http:\/\/www.w3.org\/2000\/svg\" width=\"10px\" height=\"10px\" viewBox=\"0 0 24 24\" version=\"1.2\" baseProfile=\"tiny\"><path d=\"M18.2 9.3l-6.2-6.3-6.2 6.3c-.2.2-.3.4-.3.7s.1.5.3.7c.2.2.4.3.7.3h11c.3 0 .5-.1.7-.3.2-.2.3-.5.3-.7s-.1-.5-.3-.7zM5.8 14.7l6.2 6.3 6.2-6.3c.2-.2.3-.5.3-.7s-.1-.5-.3-.7c-.2-.2-.4-.3-.7-.3h-11c-.3 0-.5.1-.7.3-.2.2-.3.5-.3.7s.1.5.3.7z\"\/><\/svg><\/span><\/span><\/span><\/a><\/span><\/div>\n<nav><ul class='ez-toc-list ez-toc-list-level-1 ' ><li class='ez-toc-page-1 ez-toc-heading-level-2'><a class=\"ez-toc-link ez-toc-heading-1\" href=\"https:\/\/fotojoker.pl\/blog\/kontakt\/#Blog_CEWE_FOTOJOKER_to_cos_wiecej_niz_zwykly_blog_fotograficzny\" >Blog CEWE FOTOJOKER to co\u015b wi\u0119cej ni\u017c zwyk\u0142y blog fotograficzny<\/a><\/li><li class='ez-toc-page-1 ez-toc-heading-level-2'><a class=\"ez-toc-link ez-toc-heading-2\" href=\"https:\/\/fotojoker.pl\/blog\/kontakt\/#Niemala_gratka_dla_tworcow_internetowych\" >Niema\u0142a gratka dla tw\u00f3rc\u00f3w internetowych<\/a><\/li><li class='ez-toc-page-1 ez-toc-heading-level-2'><a class=\"ez-toc-link ez-toc-heading-3\" href=\"https:\/\/fotojoker.pl\/blog\/kontakt\/#Konkursy_wskazowki_i_ciekawostki_Co_jeszcze_znajdziesz_na_blogu_CEWE_FOTOJOKER\" >Konkursy, wskaz\u00f3wki i ciekawostki. Co jeszcze znajdziesz na blogu CEWE FOTOJOKER?<\/a><\/li><li class='ez-toc-page-1 ez-toc-heading-level-2'><a class=\"ez-toc-link ez-toc-heading-4\" href=\"https:\/\/fotojoker.pl\/blog\/kontakt\/#Blog_fotograficzny_%E2%80%93_a_w_nim_Pomysly_i_inspiracje_na_niezwykle_prezenty\" >Blog fotograficzny &#8211; a w nim? Pomys\u0142y i inspiracje na niezwyk\u0142e prezenty<\/a><\/li><li class='ez-toc-page-1 ez-toc-heading-level-2'><a class=\"ez-toc-link ez-toc-heading-5\" href=\"https:\/\/fotojoker.pl\/blog\/kontakt\/#Nie_tylko_online_%E2%80%93_salony_CEWE_FOTOJOKER\" >Nie tylko online \u2013 salony CEWE FOTOJOKER<\/a><ul class='ez-toc-list-level-3' ><li class='ez-toc-heading-level-3'><a class=\"ez-toc-link ez-toc-heading-6\" href=\"https:\/\/fotojoker.pl\/blog\/kontakt\/#Zdjecia_do_dokumentow\" >Zdj\u0119cia do dokument\u00f3w<\/a><\/li><li class='ez-toc-page-1 ez-toc-heading-level-3'><a class=\"ez-toc-link ez-toc-heading-7\" href=\"https:\/\/fotojoker.pl\/blog\/kontakt\/#Nasi_specjalisci_w_salonach\" >Nasi specjali\u015bci w salonach<\/a><\/li><\/ul><\/li><li class='ez-toc-page-1 ez-toc-heading-level-2'><a class=\"ez-toc-link ez-toc-heading-8\" href=\"https:\/\/fotojoker.pl\/blog\/kontakt\/#Co_jeszcze_u_nas_na_blogu_Kilka_zaskakujacych_tresci\" >Co jeszcze u nas na blogu? Kilka zaskakuj\u0105cych tre\u015bci<\/a><\/li><\/ul><\/nav><\/div>\n<h2><span class=\"ez-toc-section\" id=\"Blog_CEWE_FOTOJOKER_to_cos_wiecej_niz_zwykly_blog_fotograficzny\"><\/span><strong>Blog CEWE FOTOJOKER to co\u015b wi\u0119cej ni\u017c zwyk\u0142y blog fotograficzny<\/strong><span class=\"ez-toc-section-end\"><\/span><\/h2>\n<p>Zagl\u0105daj\u0105c regularnie na bloga CEWE FOTOJOKER, mo\u017cesz mie\u0107 pewno\u015b\u0107, \u017ce nie przegapisz \u017cadnego wa\u017cnego wydarzenia fotograficznego. Poinformujemy Ci\u0119 o roadshowach, premierach oraz unikalnych promocjach dost\u0119pnych na naszej stronie oraz <a href=\"https:\/\/www.fotojoker.pl\/salony-fotograficzne\">w salonach stacjonarnych<\/a>. Znajdziesz tutaj ponadto <strong>recenzje nowych aparat\u00f3w i obiektyw\u00f3w. <\/strong>Poznasz ich mocne oraz s\u0142abe strony, aby m\u00f3c p\u00f3\u017aniej por\u00f3wna\u0107 je z \u00a0podobnymi produktami i podj\u0105\u0107 \u015bwiadomy wyb\u00f3r podczas zakup\u00f3w.<\/p>\n<p>Nasz blog obfituje r\u00f3wnie\u017c w aktualno\u015bci z bran\u017cy foto i nowo\u015bci produktowe. Niecierpliwie wypatrujesz premiery nowego aparatu? My tak\u017ce! A mo\u017ce nie mo\u017cesz doczeka\u0107 si\u0119 wydarzenia, podczas kt\u00f3rego b\u0119dziesz m\u00f3g\u0142\/mog\u0142a go wypr\u00f3bowa\u0107? Damy Ci zna\u0107! Wska\u017cemy Ci ponadto, z kim si\u0119 skontaktowa\u0107 w przypadku jakichkolwiek pyta\u0144 technicznych. Przedstawimy tak\u017ce nadchodz\u0105ce promocje, aby\u015b m\u00f3g\u0142\/mog\u0142a wybra\u0107 najlepszy moment na zakup wymarzonego aparatu lub obiektywu.<\/p>\n<h2><span class=\"ez-toc-section\" id=\"Niemala_gratka_dla_tworcow_internetowych\"><\/span><strong>Niema\u0142a gratka dla tw\u00f3rc\u00f3w internetowych<\/strong><span class=\"ez-toc-section-end\"><\/span><\/h2>\n<p>Coraz wi\u0119cej <a href=\"https:\/\/www.fotojoker.pl\/aparaty-cyfrowe\">aparat\u00f3w fotograficznych<\/a> stawia na nagrywanie wideo \u2013 a wszystko z my\u015bl\u0105 o tw\u00f3rcach internetowych, kt\u00f3rzy tworz\u0105 filmy na swoje kana\u0142y i profile spo\u0142eczno\u015bciowe. Je\u017celi zale\u017cy Ci na tym, aby nagrywa\u0107 wideo w najwy\u017cszej jako\u015bci, zajrzyj na naszego bloga i poznaj recenzje nowego sprz\u0119tu. Znajdziesz tu tak\u017ce<strong> ciekawostki fotograficzne i wskaz\u00f3wki<\/strong>, kt\u00f3re mog\u0105 pom\u00f3c Ci w tworzeniu przykuwaj\u0105cej uwag\u0119 kompozycji czy dynamicznych przej\u015b\u0107 pomi\u0119dzy klatkami. Mo\u017cesz mie\u0107 te\u017c pewno\u015b\u0107, \u017ce zagl\u0105daj\u0105c do nas regularnie nie umkn\u0105 Ci \u017cadne nowo\u015bci produktowe.<\/p>\n<p>A mo\u017ce brakuje Ci jakiego\u015b <a href=\"https:\/\/www.fotojoker.pl\/akcesoria\">akcesorium<\/a>, kt\u00f3ry u\u0142atwi Ci prac\u0119? Twoj\u0105 uwag\u0119 przyku\u0142y <strong>gad\u017cety fotograficzne<\/strong>, dzi\u0119ki czemu b\u0119dziesz czerpa\u0107 jeszcze wi\u0119cej rado\u015bci z tworzenia wideo? Damy Ci zna\u0107, gdy uruchomimy nowe promocje, aby\u015b m\u00f3g\u0142\/mog\u0142a kupi\u0107 je w najlepszej mo\u017cliwej cenie.<\/p>\n<h2><span class=\"ez-toc-section\" id=\"Konkursy_wskazowki_i_ciekawostki_Co_jeszcze_znajdziesz_na_blogu_CEWE_FOTOJOKER\"><\/span><strong>Konkursy, wskaz\u00f3wki i ciekawostki. Co jeszcze znajdziesz na blogu CEWE FOTOJOKER?<\/strong><span class=\"ez-toc-section-end\"><\/span><\/h2>\n<p>Nasz blog fotograficzny to nie tylko premiery, recenzje i promocje. Piszemy r\u00f3wnie\u017c o ciekawych eventach, kt\u00f3re mog\u0105 Ci\u0119 zainteresowa\u0107, takich jak <a href=\"https:\/\/www.fotojoker.pl\/pozostale\/kursy-fotograficzne\"><strong>warsztaty i wydarzenia fotograficzne<\/strong><\/a>. Pozwol\u0105 Ci one lepiej pozna\u0107 sprz\u0119t fotograficzny oraz przedstawicieli bran\u017cy foto. Takie spotkania to wyj\u0105tkowa okazja, aby rozwia\u0107 wszelkie w\u0105tpliwo\u015bci, zapozna\u0107 si\u0119 z mo\u017cliwo\u015bciami technicznymi wymarzonego sprz\u0119tu, a tak\u017ce uzyska\u0107 wskaz\u00f3wki fotograficzne.<\/p>\n<p>A skoro ju\u017c o poradach mowa \u2013 zagl\u0105daj regularnie na naszego bloga, aby pozna\u0107 nowe ciekawostki fotograficzne. Podpowiemy Ci nie tylko, jak tworzy\u0107 ciekawe kompozycje i stosowa\u0107 nowe techniki, ale r\u00f3wnie\u017c jak zachowywa\u0107 si\u0119 po drugiej stronie aparatu, aby uzyska\u0107 swoje wymarzone zdj\u0119cia. Takie wskaz\u00f3wki fotograficzne mog\u0105 przyda\u0107 si\u0119 zar\u00f3wno w formalnych okoliczno\u015bciach, takich jak sesje zdj\u0119ciowe czy wydarzenia, jak i w codzienno\u015bci. Dzi\u015b ka\u017cdy z nas wyposa\u017cony jest w podr\u0119czny aparat, kt\u00f3ry w wielu przypadkach pozwala wykonywa\u0107 ca\u0142kiem nienajgorsze zdj\u0119cia. Wskaz\u00f3wki fotograficzne co do tego, jak robi\u0107 dobre zdj\u0119cia telefonem, r\u00f3wnie\u017c si\u0119 u nas pojawiaj\u0105. W ko\u0144cu ka\u017cdy fotograf wie, \u017ce najlepszy aparat to ten, kt\u00f3ry masz przy sobie!<\/p>\n<h2><span class=\"ez-toc-section\" id=\"Blog_fotograficzny_%E2%80%93_a_w_nim_Pomysly_i_inspiracje_na_niezwykle_prezenty\"><\/span><strong>Blog fotograficzny &#8211; a w nim? Pomys\u0142y i inspiracje na niezwyk\u0142e prezenty<\/strong><span class=\"ez-toc-section-end\"><\/span><\/h2>\n<p>J<a href=\"https:\/\/www.fotojoker.pl\/blog\/category\/pomysly-na-prezent\/\">ak wybra\u0107 najlepsze prezenty dla fotografa?<\/a> Sprz\u0119t fotograficzny to nie jedyny podarunek, jaki mo\u017cna sprawi\u0107 osobie zawodowo zajmuj\u0105cej si\u0119 robieniem zdj\u0119\u0107. Na naszym blogu zaproponujemy Ci r\u00f3wnie\u017c ciekawe gad\u017cety fotograficzne, kt\u00f3rych ceny na pewno nie przekrocz\u0105 Twojego bud\u017cetu. Mo\u017ce to by\u0107 na przyk\u0142ad porz\u0105dny <a href=\"https:\/\/www.fotojoker.pl\/akcesoria\/statywy\">statyw<\/a> czy starannie wykonany <a href=\"https:\/\/www.fotojoker.pl\/akcesoria\/plecaki\">plecak<\/a> lub <a href=\"https:\/\/www.fotojoker.pl\/akcesoria\/torby--22\">torba na aparat<\/a>, kt\u00f3ra ochroni go przed niekorzystnymi warunkami atmosferycznymi. Znajd\u0105 si\u0119 u nas r\u00f3wnie\u017c<strong> prezenty dla amatora fotografii<\/strong>, na przyk\u0142ad zachwycaj\u0105ce albumy, ciekawe filtry na aparat, paski czy lampy b\u0142yskowe. A je\u015bli oka\u017ce si\u0119, \u017ce tekst nie rozwia\u0142 wszystkich Twoich w\u0105tpliwo\u015bci, nie wahaj si\u0119 z nami skontaktowa\u0107. Ch\u0119tnie podpowiemy Ci najlepsze rozwi\u0105zania oraz wska\u017cemy prezenty dla fotografa b\u0105d\u017a dla amatora fotografii na ka\u017cd\u0105 kiesze\u0144.<\/p>\n<h2><span class=\"ez-toc-section\" id=\"Nie_tylko_online_%E2%80%93_salony_CEWE_FOTOJOKER\"><\/span><strong>Nie tylko online \u2013 salony CEWE FOTOJOKER<\/strong><span class=\"ez-toc-section-end\"><\/span><\/h2>\n<p>Nasz blog fotograficzny jest oczywi\u015bcie blisko zwi\u0105zany ze <a href=\"https:\/\/www.fotojoker.pl\/lista-sklepow\">stacjonarnymi salonami CEWE FOTOJOKER<\/a>, kt\u00f3re znale\u017a\u0107 mo\u017cesz w niemal\u017ce ka\u017cdym du\u017cym mie\u015bcie w ca\u0142ej Polsce. <strong>Oferujemy szeroki wyb\u00f3r aparat\u00f3w i obiektyw\u00f3w renomowanych marek, takich jak Canon, Nikon, Fujifilm, Sony, Sigma czy OM System.<\/strong> Ponadto nasi doradcy to absolutni profesjonali\u015bci \u2013 ch\u0119tnie podpowiedz\u0105 Ci, jaki sprz\u0119t fotograficzny sprawdzi si\u0119 najlepiej do Twoich potrzeb. Mo\u017cesz skorzysta\u0107 z ich pomocy r\u00f3wnie\u017c w\u00f3wczas, gdy chcesz wypr\u00f3bowa\u0107 co\u015b mniej zaawansowanego technicznie, na przyk\u0142ad aparat cyfrowy albo <a href=\"https:\/\/www.fotojoker.pl\/fotografia-natychmiastowa\/aparaty-natychmiastowe\">aparat natychmiastowy<\/a>. Dysponujemy ponadto przeno\u015bnymi drukarkami zdj\u0119\u0107 oraz ma\u0142ymi aparatami dla dzieci. Produkty te \u015bwietnie pomog\u0105 wzbudzi\u0107 w nich iskierk\u0119 zami\u0142owania do tej sztuki ju\u017c od najm\u0142odszych lat.<\/p>\n<h3><span class=\"ez-toc-section\" id=\"Zdjecia_do_dokumentow\"><\/span><strong>Zdj\u0119cia do dokument\u00f3w<\/strong><span class=\"ez-toc-section-end\"><\/span><\/h3>\n<p>Jednak salony CEWE FOTOJOKER to nie tylko sprz\u0119t fotograficzny. Znajdziesz tu tak\u017ce gad\u017cety fotograficzne, prezenty dla fotografa, prezenty dla amatora fotografii oraz podarunki dla ka\u017cdej bliskiej osoby. W tym r\u00f3wnie\u017c takie spersonalizowane, wykonane od r\u0119ki. W ka\u017cdym salonie w kilka chwil wykonasz ponadto <a href=\"https:\/\/www.fotojoker.pl\/zdjecie-do-dowodu-osobistego\">zdj\u0119cia do dowodu<\/a>, kt\u00f3re w ci\u0105gu 10 minut obrobimy graficznie, wydrukujemy i przytniemy do w\u0142a\u015bciwego rozmiaru. <strong>Ka\u017cdy salon CEWE FOTOJOKER posiada dedykowan\u0105 przestrze\u0144 fotograficzn\u0105 z lamp\u0105 oraz lustrem.<\/strong> Wykonujemy tu wszystkie <a href=\"https:\/\/www.fotojoker.pl\/zdjecia-do-dokumentow\">zdj\u0119cia do dokument\u00f3w<\/a>, a ponadto dok\u0142adamy wszelkich stara\u0144, aby\u015b czu\u0142\/a si\u0119 w pe\u0142ni komfortowo.<\/p>\n<h3><span class=\"ez-toc-section\" id=\"Nasi_specjalisci_w_salonach\"><\/span><strong>Nasi specjali\u015bci w salonach<\/strong><span class=\"ez-toc-section-end\"><\/span><\/h3>\n<p>Doradcy CEWE FOTOJOKER ch\u0119tnie podpowiedz\u0105 Ci wskaz\u00f3wki fotograficzne oraz podziel\u0105 si\u0119 ciekawostkami. To r\u00f3wnie\u017c oni najlepiej znaj\u0105 mo\u017cliwo\u015bci naszego <a href=\"https:\/\/www.cewe.pl\/jak-zamawiac\/program-projektowy.html\">programu projektowego CEWE Foto\u015bwiat<\/a>, z ch\u0119ci\u0105 pomog\u0105 Ci zatem znale\u017a\u0107 w\u0142a\u015bciwe rozwi\u0105zania w tworzeniu Twojego wymarzonego fotoproduktu, w tym <a href=\"https:\/\/www.cewe.pl\/cewe-fotoksiazka.html\">CEWE FOTOKSI\u0104\u017bKI<\/a>. Wystarczy, \u017ce podzielisz si\u0119 z nimi swoimi w\u0105tpliwo\u015bciami. Doradcy poka\u017c\u0105 Ci wszystkie najciekawsze funkcje i narz\u0119dzia przy naszym dedykowanym stanowisku projektowym. W ka\u017cdym salonie dost\u0119pne s\u0105 ponadto nasze niezwyk\u0142e <a href=\"https:\/\/www.cewe.pl\/zdjecia\/zdjecia-natychmiastowe.html\">fotokioski<\/a>, w kt\u00f3rych w kilka chwil wydrukujesz swoje zdj\u0119cia bezpo\u015brednio z telefonu. Je\u015bli chcesz, mo\u017cesz nada\u0107 im ciekawy kszta\u0142t, zamieni\u0107 je w naklejki, a tak\u017ce opatrze\u0107 napisem czy barwn\u0105 ramk\u0105. To doskona\u0142y pomys\u0142 na drobny prezent od r\u0119ki dla kogo\u015b bliskiego.<\/p>\n<h2><span class=\"ez-toc-section\" id=\"Co_jeszcze_u_nas_na_blogu_Kilka_zaskakujacych_tresci\"><\/span><strong>Co jeszcze u nas na blogu? Kilka zaskakuj\u0105cych tre\u015bci<\/strong><span class=\"ez-toc-section-end\"><\/span><\/h2>\n<p>Nowo\u015bci produktowe, promocje na sprz\u0119t fotograficzny, konkursy, spotkania, wydarzenia fotograficzne \u2013 to wszystko tematy bliskie ka\u017cdemu fotografowi. Na blogu CEWE FOTOJOKER podpowiemy Ci nie tylko, czym i w jaki spos\u00f3b robi\u0107 zdj\u0119cia, ale r\u00f3wnie\u017c jak zaopiekowa\u0107 si\u0119 nimi p\u00f3\u017aniej. Czy wiesz, \u017ce wszystkie Twoje zachwycaj\u0105ce fotografie mo\u017cemy z \u0142atwo\u015bci\u0105 przemieni\u0107 w zjawiskowe <a href=\"https:\/\/www.cewe.pl\/obraz-ze-zdjeciem.html\">fotoobrazy<\/a>, <a href=\"https:\/\/www.cewe.pl\/fotoplakaty.html\">fotoplakaty<\/a> czy <a href=\"https:\/\/www.cewe.pl\/kalendarz-ze-zdjeciami.html\">fotokalendarze<\/a>? Dekoracja wn\u0119trz staje si\u0119 zatem kolejnym wa\u017cnym tematem naszego bloga. Twoje zdj\u0119cia mog\u0105 ponadto znale\u017a\u0107 si\u0119 na starannie wykonanych kartach oryginalnej <a href=\"https:\/\/www.cewe.pl\/cewe-fotoksiazka.html\">CEWE FOTOKSI\u0104\u017bKI<\/a>, kt\u00f3ra sprawdzi si\u0119 zar\u00f3wno jako pami\u0105tka wa\u017cnego wydarzenia czy wyjazdu, jak r\u00f3wnie\u017c przepi\u0119kny podarunek dla ukochanej osoby.<\/p>\n<p>Jak zatem sam\/a widzisz, <strong>blog CEWE FOTOJOKER to co\u015b znacznie wi\u0119cej ni\u017c zwyk\u0142y blog fotograficzny<\/strong>. Ka\u017cdy znajdzie tu co\u015b dla siebie: profesjonalista, mi\u0142o\u015bnik fotografii, a tak\u017ce ka\u017cda osoba wyposa\u017cona w aparat w swoim smartfonie. Zagl\u0105daj do nas regularnie, aby by\u0107 na bie\u017c\u0105co z nowinkami, ciekawostkami, promocjami i nadchodz\u0105cymi wydarzeniami.<\/p>\n<p><strong>Do zobaczenia!<\/strong><\/p>\n<div class=\"pntrst_main_before_after\"><\/div>","protected":false},"excerpt":{"rendered":"<p>Dlaczego warto odwiedza\u0107 naszego bloga? Pow\u00f3d jest prosty: nasz blog fotograficzny to przede wszystkim kopalnia wiedzy, zar\u00f3wno dla profesjonalnych fotograf\u00f3w, jak i wszystkich pozosta\u0142ych mi\u0142o\u015bnik\u00f3w robienia zdj\u0119\u0107, a tak\u017ce youtuber\u00f3w, influencer\u00f3w oraz innych tw\u00f3rc\u00f3w internetowych. Znajdziesz tutaj specjalistyczn\u0105 wiedz\u0119, porady, ciekawostki fotograficzne i pomys\u0142y na niezwyk\u0142e prezenty. Dowiesz si\u0119 ponadto, jak wykorzysta\u0107 potencja\u0142 fotoprodukt\u00f3w CEWE, [&hellip;]<\/p>\n","protected":false},"author":1,"featured_media":0,"parent":0,"menu_order":0,"comment_status":"closed","ping_status":"open","template":"","meta":{"inline_featured_image":false,"spay_email":""},"yoast_head":"<!-- This site is optimized with the Yoast SEO plugin v19.1 - https:\/\/yoast.com\/wordpress\/plugins\/seo\/ -->\n<title>Blog fotograficzny CEWE FOTOJOKER - porady, ciekawostki, inspiracje<\/title>\n<meta name=\"description\" content=\"Nasz blog fotograficzny to idealne miejsce dla mi\u0142o\u015bnik\u00f3w fotografii! Sprawd\u017a fotoporady i poznaj interesuj\u0105ce ciekawostki o sprz\u0119cie i trendach. Zainspiruj si\u0119!\" \/>\n<meta name=\"robots\" content=\"index, follow, max-snippet:-1, max-image-preview:large, max-video-preview:-1\" \/>\n<link rel=\"canonical\" href=\"https:\/\/fotojoker.pl\/blog\/kontakt\/\" \/>\n<meta property=\"og:locale\" content=\"pl_PL\" \/>\n<meta property=\"og:type\" content=\"article\" \/>\n<meta property=\"og:title\" content=\"Blog fotograficzny CEWE FOTOJOKER - porady, ciekawostki, inspiracje\" \/>\n<meta property=\"og:description\" content=\"Nasz blog fotograficzny to idealne miejsce dla mi\u0142o\u015bnik\u00f3w fotografii! Sprawd\u017a fotoporady i poznaj interesuj\u0105ce ciekawostki o sprz\u0119cie i trendach. Zainspiruj si\u0119!\" \/>\n<meta property=\"og:url\" content=\"https:\/\/fotojoker.pl\/blog\/kontakt\/\" \/>\n<meta property=\"og:site_name\" content=\"Blog FOTOJOKER.pl\" \/>\n<meta property=\"article:modified_time\" content=\"2025-05-15T14:56:27+00:00\" \/>\n<meta name=\"twitter:card\" content=\"summary\" \/>\n<meta name=\"twitter:label1\" content=\"Szacowany czas czytania\" \/>\n\t<meta name=\"twitter:data1\" content=\"7 minut\" \/>\n<script type=\"application\/ld+json\" class=\"yoast-schema-graph\">{\"@context\":\"https:\/\/schema.org\",\"@graph\":[{\"@type\":\"WebSite\",\"@id\":\"https:\/\/fotojoker.pl\/blog\/#website\",\"url\":\"https:\/\/fotojoker.pl\/blog\/\",\"name\":\"Blog FOTOJOKER.pl\",\"description\":\"Blog fotograficzny - to i owo dla ka\u017cdego fana robienia zdj\u0119\u0107 i czego\u015b z tych zdj\u0119\u0107.\",\"potentialAction\":[{\"@type\":\"SearchAction\",\"target\":{\"@type\":\"EntryPoint\",\"urlTemplate\":\"https:\/\/fotojoker.pl\/blog\/?s={search_term_string}\"},\"query-input\":\"required name=search_term_string\"}],\"inLanguage\":\"pl-PL\"},{\"@type\":\"WebPage\",\"@id\":\"https:\/\/fotojoker.pl\/blog\/kontakt\/#webpage\",\"url\":\"https:\/\/fotojoker.pl\/blog\/kontakt\/\",\"name\":\"Blog fotograficzny CEWE FOTOJOKER - porady, ciekawostki, inspiracje\",\"isPartOf\":{\"@id\":\"https:\/\/fotojoker.pl\/blog\/#website\"},\"datePublished\":\"2014-06-19T09:39:23+00:00\",\"dateModified\":\"2025-05-15T14:56:27+00:00\",\"description\":\"Nasz blog fotograficzny to idealne miejsce dla mi\u0142o\u015bnik\u00f3w fotografii! Sprawd\u017a fotoporady i poznaj interesuj\u0105ce ciekawostki o sprz\u0119cie i trendach. Zainspiruj si\u0119!\",\"breadcrumb\":{\"@id\":\"https:\/\/fotojoker.pl\/blog\/kontakt\/#breadcrumb\"},\"inLanguage\":\"pl-PL\",\"potentialAction\":[{\"@type\":\"ReadAction\",\"target\":[\"https:\/\/fotojoker.pl\/blog\/kontakt\/\"]}]},{\"@type\":\"BreadcrumbList\",\"@id\":\"https:\/\/fotojoker.pl\/blog\/kontakt\/#breadcrumb\",\"itemListElement\":[{\"@type\":\"ListItem\",\"position\":1,\"name\":\"Strona g\u0142\u00f3wna\",\"item\":\"https:\/\/fotojoker.pl\/blog\/\"},{\"@type\":\"ListItem\",\"position\":2,\"name\":\"Blog fotograficzny CEWE FOTOJOKER &#8211; dlaczego warto tu zagl\u0105da\u0107?\"}]}]}<\/script>\n<!-- \/ Yoast SEO plugin. -->","yoast_head_json":{"title":"Blog fotograficzny CEWE FOTOJOKER - porady, ciekawostki, inspiracje","description":"Nasz blog fotograficzny to idealne miejsce dla mi\u0142o\u015bnik\u00f3w fotografii! Sprawd\u017a fotoporady i poznaj interesuj\u0105ce ciekawostki o sprz\u0119cie i trendach. Zainspiruj si\u0119!","robots":{"index":"index","follow":"follow","max-snippet":"max-snippet:-1","max-image-preview":"max-image-preview:large","max-video-preview":"max-video-preview:-1"},"canonical":"https:\/\/fotojoker.pl\/blog\/kontakt\/","og_locale":"pl_PL","og_type":"article","og_title":"Blog fotograficzny CEWE FOTOJOKER - porady, ciekawostki, inspiracje","og_description":"Nasz blog fotograficzny to idealne miejsce dla mi\u0142o\u015bnik\u00f3w fotografii! Sprawd\u017a fotoporady i poznaj interesuj\u0105ce ciekawostki o sprz\u0119cie i trendach. Zainspiruj si\u0119!","og_url":"https:\/\/fotojoker.pl\/blog\/kontakt\/","og_site_name":"Blog FOTOJOKER.pl","article_modified_time":"2025-05-15T14:56:27+00:00","twitter_card":"summary","twitter_misc":{"Szacowany czas czytania":"7 minut"},"schema":{"@context":"https:\/\/schema.org","@graph":[{"@type":"WebSite","@id":"https:\/\/fotojoker.pl\/blog\/#website","url":"https:\/\/fotojoker.pl\/blog\/","name":"Blog FOTOJOKER.pl","description":"Blog fotograficzny - to i owo dla ka\u017cdego fana robienia zdj\u0119\u0107 i czego\u015b z tych zdj\u0119\u0107.","potentialAction":[{"@type":"SearchAction","target":{"@type":"EntryPoint","urlTemplate":"https:\/\/fotojoker.pl\/blog\/?s={search_term_string}"},"query-input":"required name=search_term_string"}],"inLanguage":"pl-PL"},{"@type":"WebPage","@id":"https:\/\/fotojoker.pl\/blog\/kontakt\/#webpage","url":"https:\/\/fotojoker.pl\/blog\/kontakt\/","name":"Blog fotograficzny CEWE FOTOJOKER - porady, ciekawostki, inspiracje","isPartOf":{"@id":"https:\/\/fotojoker.pl\/blog\/#website"},"datePublished":"2014-06-19T09:39:23+00:00","dateModified":"2025-05-15T14:56:27+00:00","description":"Nasz blog fotograficzny to idealne miejsce dla mi\u0142o\u015bnik\u00f3w fotografii! Sprawd\u017a fotoporady i poznaj interesuj\u0105ce ciekawostki o sprz\u0119cie i trendach. Zainspiruj si\u0119!","breadcrumb":{"@id":"https:\/\/fotojoker.pl\/blog\/kontakt\/#breadcrumb"},"inLanguage":"pl-PL","potentialAction":[{"@type":"ReadAction","target":["https:\/\/fotojoker.pl\/blog\/kontakt\/"]}]},{"@type":"BreadcrumbList","@id":"https:\/\/fotojoker.pl\/blog\/kontakt\/#breadcrumb","itemListElement":[{"@type":"ListItem","position":1,"name":"Strona g\u0142\u00f3wna","item":"https:\/\/fotojoker.pl\/blog\/"},{"@type":"ListItem","position":2,"name":"Blog fotograficzny CEWE FOTOJOKER &#8211; dlaczego warto tu zagl\u0105da\u0107?"}]}]}},"jetpack_sharing_enabled":true,"jetpack_shortlink":"https:\/\/wp.me\/P8cm9e-2p","_links":{"self":[{"href":"https:\/\/fotojoker.pl\/blog\/wp-json\/wp\/v2\/pages\/149"}],"collection":[{"href":"https:\/\/fotojoker.pl\/blog\/wp-json\/wp\/v2\/pages"}],"about":[{"href":"https:\/\/fotojoker.pl\/blog\/wp-json\/wp\/v2\/types\/page"}],"author":[{"embeddable":true,"href":"https:\/\/fotojoker.pl\/blog\/wp-json\/wp\/v2\/users\/1"}],"replies":[{"embeddable":true,"href":"https:\/\/fotojoker.pl\/blog\/wp-json\/wp\/v2\/comments?post=149"}],"version-history":[{"count":31,"href":"https:\/\/fotojoker.pl\/blog\/wp-json\/wp\/v2\/pages\/149\/revisions"}],"predecessor-version":[{"id":9733,"href":"https:\/\/fotojoker.pl\/blog\/wp-json\/wp\/v2\/pages\/149\/revisions\/9733"}],"wp:attachment":[{"href":"https:\/\/fotojoker.pl\/blog\/wp-json\/wp\/v2\/media?parent=149"}],"curies":[{"name":"wp","href":"https:\/\/api.w.org\/{rel}","templated":true}]}}