{"id":389,"date":"2014-06-18T17:06:47","date_gmt":"2014-06-18T17:06:47","guid":{"rendered":"http:\/\/demo.mekshq.com\/throne\/?page_id=5"},"modified":"2018-11-27T12:54:22","modified_gmt":"2018-11-27T12:54:22","slug":"blog-fotograficzny-fotojoker","status":"publish","type":"page","link":"https:\/\/fotojoker.pl\/blog\/","title":{"rendered":"Blog fotograficzny | CEWE FOTOJOKER"},"content":{"rendered":"<div class=\"pntrst_main_before_after\"><\/div><div class=\"pntrst_main_before_after\"><\/div>","protected":false},"excerpt":{"rendered":"","protected":false},"author":1,"featured_media":0,"parent":0,"menu_order":0,"comment_status":"open","ping_status":"open","template":"template-home.php","meta":{"inline_featured_image":false,"spay_email":""},"yoast_head":"<!-- This site is optimized with the Yoast SEO plugin v19.1 - https:\/\/yoast.com\/wordpress\/plugins\/seo\/ -->\n<title>Blog fotograficzny - porady i ciekawostki | CEWE FOTOJOKER<\/title>\n<meta name=\"description\" content=\"Blog Fotograficzny Fotojoker to dobre miejsce dla fan\u00f3w fotografii. Znajdziesz tu porady, informacje i ciekawostki fotograficzne oraz pomys\u0142y na prezenty.\" \/>\n<meta name=\"robots\" content=\"index, follow, max-snippet:-1, max-image-preview:large, max-video-preview:-1\" \/>\n<link rel=\"canonical\" href=\"https:\/\/fotojoker.pl\/blog\/\" \/>\n<meta property=\"og:locale\" content=\"pl_PL\" \/>\n<meta property=\"og:type\" content=\"article\" \/>\n<meta property=\"og:title\" content=\"Blog fotograficzny - porady i ciekawostki | CEWE FOTOJOKER\" \/>\n<meta property=\"og:description\" content=\"Blog Fotograficzny Fotojoker to dobre miejsce dla fan\u00f3w fotografii. Znajdziesz tu porady, informacje i ciekawostki fotograficzne oraz pomys\u0142y na prezenty.\" \/>\n<meta property=\"og:url\" content=\"https:\/\/fotojoker.pl\/blog\/\" \/>\n<meta property=\"og:site_name\" content=\"Blog FOTOJOKER.pl\" \/>\n<meta property=\"article:modified_time\" content=\"2018-11-27T12:54:22+00:00\" \/>\n<meta name=\"twitter:card\" content=\"summary\" \/>\n<script type=\"application\/ld+json\" class=\"yoast-schema-graph\">{\"@context\":\"https:\/\/schema.org\",\"@graph\":[{\"@type\":\"WebSite\",\"@id\":\"https:\/\/fotojoker.pl\/blog\/#website\",\"url\":\"https:\/\/fotojoker.pl\/blog\/\",\"name\":\"Blog FOTOJOKER.pl\",\"description\":\"Blog fotograficzny - to i owo dla ka\u017cdego fana robienia zdj\u0119\u0107 i czego\u015b z tych zdj\u0119\u0107.\",\"potentialAction\":[{\"@type\":\"SearchAction\",\"target\":{\"@type\":\"EntryPoint\",\"urlTemplate\":\"https:\/\/fotojoker.pl\/blog\/?s={search_term_string}\"},\"query-input\":\"required name=search_term_string\"}],\"inLanguage\":\"pl-PL\"},{\"@type\":\"WebPage\",\"@id\":\"https:\/\/fotojoker.pl\/blog\/#webpage\",\"url\":\"https:\/\/fotojoker.pl\/blog\/\",\"name\":\"Blog fotograficzny - porady i ciekawostki | CEWE FOTOJOKER\",\"isPartOf\":{\"@id\":\"https:\/\/fotojoker.pl\/blog\/#website\"},\"datePublished\":\"2014-06-18T17:06:47+00:00\",\"dateModified\":\"2018-11-27T12:54:22+00:00\",\"description\":\"Blog Fotograficzny Fotojoker to dobre miejsce dla fan\u00f3w fotografii. Znajdziesz tu porady, informacje i ciekawostki fotograficzne oraz pomys\u0142y na prezenty.\",\"breadcrumb\":{\"@id\":\"https:\/\/fotojoker.pl\/blog\/#breadcrumb\"},\"inLanguage\":\"pl-PL\",\"potentialAction\":[{\"@type\":\"ReadAction\",\"target\":[\"https:\/\/fotojoker.pl\/blog\/\"]}]},{\"@type\":\"BreadcrumbList\",\"@id\":\"https:\/\/fotojoker.pl\/blog\/#breadcrumb\",\"itemListElement\":[{\"@type\":\"ListItem\",\"position\":1,\"name\":\"Strona g\u0142\u00f3wna\",\"item\":\"https:\/\/fotojoker.pl\/blog\/\"},{\"@type\":\"ListItem\",\"position\":2,\"name\":\"Blog fotograficzny | CEWE FOTOJOKER\"}]}]}<\/script>\n<!-- \/ Yoast SEO plugin. -->","yoast_head_json":{"title":"Blog fotograficzny - porady i ciekawostki | CEWE FOTOJOKER","description":"Blog Fotograficzny Fotojoker to dobre miejsce dla fan\u00f3w fotografii. Znajdziesz tu porady, informacje i ciekawostki fotograficzne oraz pomys\u0142y na prezenty.","robots":{"index":"index","follow":"follow","max-snippet":"max-snippet:-1","max-image-preview":"max-image-preview:large","max-video-preview":"max-video-preview:-1"},"canonical":"https:\/\/fotojoker.pl\/blog\/","og_locale":"pl_PL","og_type":"article","og_title":"Blog fotograficzny - porady i ciekawostki | CEWE FOTOJOKER","og_description":"Blog Fotograficzny Fotojoker to dobre miejsce dla fan\u00f3w fotografii. Znajdziesz tu porady, informacje i ciekawostki fotograficzne oraz pomys\u0142y na prezenty.","og_url":"https:\/\/fotojoker.pl\/blog\/","og_site_name":"Blog FOTOJOKER.pl","article_modified_time":"2018-11-27T12:54:22+00:00","twitter_card":"summary","schema":{"@context":"https:\/\/schema.org","@graph":[{"@type":"WebSite","@id":"https:\/\/fotojoker.pl\/blog\/#website","url":"https:\/\/fotojoker.pl\/blog\/","name":"Blog FOTOJOKER.pl","description":"Blog fotograficzny - to i owo dla ka\u017cdego fana robienia zdj\u0119\u0107 i czego\u015b z tych zdj\u0119\u0107.","potentialAction":[{"@type":"SearchAction","target":{"@type":"EntryPoint","urlTemplate":"https:\/\/fotojoker.pl\/blog\/?s={search_term_string}"},"query-input":"required name=search_term_string"}],"inLanguage":"pl-PL"},{"@type":"WebPage","@id":"https:\/\/fotojoker.pl\/blog\/#webpage","url":"https:\/\/fotojoker.pl\/blog\/","name":"Blog fotograficzny - porady i ciekawostki | CEWE FOTOJOKER","isPartOf":{"@id":"https:\/\/fotojoker.pl\/blog\/#website"},"datePublished":"2014-06-18T17:06:47+00:00","dateModified":"2018-11-27T12:54:22+00:00","description":"Blog Fotograficzny Fotojoker to dobre miejsce dla fan\u00f3w fotografii. Znajdziesz tu porady, informacje i ciekawostki fotograficzne oraz pomys\u0142y na prezenty.","breadcrumb":{"@id":"https:\/\/fotojoker.pl\/blog\/#breadcrumb"},"inLanguage":"pl-PL","potentialAction":[{"@type":"ReadAction","target":["https:\/\/fotojoker.pl\/blog\/"]}]},{"@type":"BreadcrumbList","@id":"https:\/\/fotojoker.pl\/blog\/#breadcrumb","itemListElement":[{"@type":"ListItem","position":1,"name":"Strona g\u0142\u00f3wna","item":"https:\/\/fotojoker.pl\/blog\/"},{"@type":"ListItem","position":2,"name":"Blog fotograficzny | CEWE FOTOJOKER"}]}]}},"jetpack_sharing_enabled":true,"jetpack_shortlink":"https:\/\/wp.me\/P8cm9e-6h","_links":{"self":[{"href":"https:\/\/fotojoker.pl\/blog\/wp-json\/wp\/v2\/pages\/389"}],"collection":[{"href":"https:\/\/fotojoker.pl\/blog\/wp-json\/wp\/v2\/pages"}],"about":[{"href":"https:\/\/fotojoker.pl\/blog\/wp-json\/wp\/v2\/types\/page"}],"author":[{"embeddable":true,"href":"https:\/\/fotojoker.pl\/blog\/wp-json\/wp\/v2\/users\/1"}],"replies":[{"embeddable":true,"href":"https:\/\/fotojoker.pl\/blog\/wp-json\/wp\/v2\/comments?post=389"}],"version-history":[{"count":4,"href":"https:\/\/fotojoker.pl\/blog\/wp-json\/wp\/v2\/pages\/389\/revisions"}],"predecessor-version":[{"id":5994,"href":"https:\/\/fotojoker.pl\/blog\/wp-json\/wp\/v2\/pages\/389\/revisions\/5994"}],"wp:attachment":[{"href":"https:\/\/fotojoker.pl\/blog\/wp-json\/wp\/v2\/media?parent=389"}],"curies":[{"name":"wp","href":"https:\/\/api.w.org\/{rel}","templated":true}]}}